{"id":1252,"date":"2015-08-18T07:50:41","date_gmt":"2015-08-18T07:50:41","guid":{"rendered":"http:\/\/healthcoach.stylemixthemes.com\/demo\/?page_id=1252"},"modified":"2024-03-11T17:30:18","modified_gmt":"2024-03-11T17:30:18","slug":"home-2-2","status":"publish","type":"page","link":"https:\/\/grupoegito.com.br\/","title":{"rendered":"Home"},"content":{"rendered":"<p>[vc_row css=&#8221;.vc_custom_1439999000631{margin-bottom: 0px !important;}&#8221;][vc_column][rev_slider_vc alias=&#8221;home-slider-1-1-1&#8243;][\/vc_column][\/vc_row][vc_row full_width=&#8221;stretch_row&#8221; css=&#8221;.vc_custom_1628779102995{margin-bottom: 0px !important;padding-top: 120px !important;padding-bottom: 120px !important;background-image: url(http:\/\/grupoegito.com.br\/wp-content\/uploads\/2021\/08\/banner1home1.jpg?id=1890) !important;background-position: center !important;background-repeat: no-repeat !important;background-size: cover !important;}&#8221; el_id=&#8221;quemsomos&#8221;][vc_column width=&#8221;1\/2&#8243;][\/vc_column][vc_column width=&#8221;1\/2&#8243;][vc_column_text]<\/p>\n<h2 style=\"text-align: center;\"><span style=\"color: #ffffff;\">Quem Somos<\/span><\/h2>\n<p>[\/vc_column_text][vc_separator color=&#8221;white&#8221; style=&#8221;shadow&#8221; el_width=&#8221;30&#8243; css_animation=&#8221;bounceInUp&#8221; css=&#8221;.vc_custom_1628773692865{margin-top: -5px !important;}&#8221;][vc_column_text]<\/p>\n<div style=\"text-align: center;\"><span style=\"color: #ffffff;\">Somos um grupo econ\u00f4mico formado pelas empresas Egito Services e Egito Patrimonial.\u00a0Presente no mercado h\u00e1 mais de 10 anos com fundadores que atuam na \u00e1rea de seguran\u00e7a h\u00e1 mais de 25 anos.<\/span><\/div>\n<div style=\"text-align: center;\"><span style=\"color: #ffffff;\">Estamos localizados em S\u00e3o Bernardo do Campo com atua\u00e7\u00e3o nas regi\u00f5es do ABC Paulista e cidades da grande S\u00e3o Paulo.<\/span><\/div>\n<div style=\"text-align: center;\"><\/div>\n<p>[\/vc_column_text][\/vc_column][\/vc_row][vc_row full_width=&#8221;stretch_row&#8221; css=&#8221;.vc_custom_1710178194300{margin-bottom: 0px !important;padding-top: 20px !important;padding-bottom: 20px !important;background-image: url(https:\/\/grupoegito.com.br\/wp-content\/uploads\/2024\/03\/HD-wallpaper-black-concrete-city-rough-stone-surface-texture-urban-1.jpg?id=1957) !important;background-position: 0 0 !important;background-repeat: repeat !important;}&#8221;][vc_column][vc_video link=&#8221;https:\/\/www.youtube.com\/watch?v=rz1ZQDeGuIc&#8221; align=&#8221;center&#8221; css_animation=&#8221;fadeInUpBig&#8221;][\/vc_column][\/vc_row][vc_row css=&#8221;.vc_custom_1628779113771{margin-bottom: 0px !important;}&#8221; el_id=&#8221;servicos&#8221;][vc_column][rev_slider_vc alias=&#8221;home-slider-1-1&#8243;][\/vc_column][\/vc_row][vc_row full_width=&#8221;stretch_row&#8221; css=&#8221;.vc_custom_1628772889918{padding-top: 40px !important;padding-bottom: 20px !important;background-color: #000000 !important;}&#8221;][vc_column width=&#8221;1\/4&#8243; css=&#8221;.vc_custom_1710172437974{padding-top: 20px !important;padding-bottom: 20px !important;}&#8221;][vc_single_image image=&#8221;1905&#8243; img_size=&#8221;full&#8221; alignment=&#8221;center&#8221; style=&#8221;vc_box_shadow_3d&#8221; css_animation=&#8221;flipInY&#8221;][vc_column_text]<\/p>\n<div style=\"text-align: center;\"><span style=\"color: #f7be60;\"><strong>Presta\u00e7\u00e3o de servi\u00e7os e<\/strong><\/span><br \/>\n<span style=\"color: #f7be60;\"><strong> terceiriza\u00e7\u00e3o de m\u00e3o de obra<\/strong><\/span><\/div>\n<p>[\/vc_column_text][vc_separator color=&#8221;white&#8221; style=&#8221;shadow&#8221; el_width=&#8221;30&#8243; css_animation=&#8221;bounceInUp&#8221; css=&#8221;.vc_custom_1628773692865{margin-top: -5px !important;}&#8221;][\/vc_column][vc_column width=&#8221;1\/4&#8243; css=&#8221;.vc_custom_1710172441134{padding-top: 20px !important;padding-bottom: 20px !important;}&#8221;][vc_single_image image=&#8221;1903&#8243; img_size=&#8221;full&#8221; alignment=&#8221;center&#8221; style=&#8221;vc_box_shadow_3d&#8221; css_animation=&#8221;flipInY&#8221;][vc_column_text]<\/p>\n<div style=\"text-align: center;\"><span style=\"color: #f7be60;\"><strong>Limpeza e<br \/>\nConserva\u00e7\u00e3o<\/strong><\/span><\/div>\n<p>[\/vc_column_text][vc_separator color=&#8221;white&#8221; style=&#8221;shadow&#8221; el_width=&#8221;30&#8243; css_animation=&#8221;bounceInUp&#8221; css=&#8221;.vc_custom_1628773692865{margin-top: -5px !important;}&#8221;][\/vc_column][vc_column width=&#8221;1\/4&#8243; css=&#8221;.vc_custom_1710172443991{padding-top: 20px !important;padding-bottom: 20px !important;}&#8221;][vc_single_image image=&#8221;1907&#8243; img_size=&#8221;full&#8221; alignment=&#8221;center&#8221; style=&#8221;vc_box_shadow_3d&#8221; css_animation=&#8221;flipInY&#8221;][vc_column_text]<\/p>\n<div style=\"text-align: center;\"><span style=\"color: #f7be60;\"><strong>Zeladoria e Apoio<br \/>\nAdministrativo<\/strong><\/span><\/div>\n<p>[\/vc_column_text][vc_separator color=&#8221;white&#8221; style=&#8221;shadow&#8221; el_width=&#8221;30&#8243; css_animation=&#8221;bounceInUp&#8221; css=&#8221;.vc_custom_1628773692865{margin-top: -5px !important;}&#8221;][\/vc_column][vc_column width=&#8221;1\/4&#8243; css=&#8221;.vc_custom_1710172446807{padding-top: 20px !important;padding-bottom: 20px !important;}&#8221;][vc_single_image image=&#8221;1904&#8243; img_size=&#8221;full&#8221; alignment=&#8221;center&#8221; style=&#8221;vc_box_shadow_3d&#8221; css_animation=&#8221;flipInY&#8221;][vc_column_text]<\/p>\n<div style=\"text-align: center;\"><span style=\"color: #f7be60;\"><strong>Portarias de pr\u00e9dios<br \/>\nresidencial e comercial <\/strong><\/span><\/div>\n<p>[\/vc_column_text][vc_separator color=&#8221;white&#8221; style=&#8221;shadow&#8221; el_width=&#8221;30&#8243; css_animation=&#8221;bounceInUp&#8221; css=&#8221;.vc_custom_1628773692865{margin-top: -5px !important;}&#8221;][\/vc_column][\/vc_row][vc_row full_width=&#8221;stretch_row&#8221; css=&#8221;.vc_custom_1710171917121{padding-top: 40px !important;padding-bottom: 40px !important;background-image: url(https:\/\/grupoegito.com.br\/wp-content\/uploads\/2024\/03\/HD-wallpaper-black-concrete-city-rough-stone-surface-texture-urban-1.jpg?id=1957) !important;background-position: 0 0 !important;background-repeat: repeat !important;}&#8221;][vc_column width=&#8221;1\/3&#8243; css=&#8221;.vc_custom_1710171805870{padding-top: 20px !important;padding-bottom: 20px !important;}&#8221;][vc_column_text]<\/p>\n<h3 style=\"text-align: center;\"><span style=\"color: #f7be60;\"><strong>Egito<br \/>\nPatrimonial<\/strong><\/span><\/h3>\n<p>[\/vc_column_text][vc_separator color=&#8221;white&#8221; style=&#8221;shadow&#8221; el_width=&#8221;30&#8243; css_animation=&#8221;bounceInUp&#8221; css=&#8221;.vc_custom_1628939596112{margin-top: -35px !important;}&#8221;][vc_single_image image=&#8221;1953&#8243; img_size=&#8221;full&#8221; alignment=&#8221;center&#8221; style=&#8221;vc_box_shadow_3d&#8221; css_animation=&#8221;flipInY&#8221;][vc_column_text css=&#8221;.vc_custom_1710171544136{margin-top: -20px !important;}&#8221;]<\/p>\n<div style=\"text-align: center;\"><span style=\"color: #f7be60;\"><strong>Terceiriza\u00e7\u00e3o de seguran\u00e7a <\/strong><\/span><br \/>\n<span style=\"color: #f7be60;\"><strong>patrimonial armada e desarmada<\/strong><\/span><\/div>\n<div style=\"text-align: center;\"><span style=\"color: #f7be60;\"><strong>licenciada pela Pol\u00edcia Federal<\/strong><\/span><\/div>\n<p>[\/vc_column_text][vc_btn title=&#8221;Fale Conosco&#8221; color=&#8221;mulled-wine&#8221; align=&#8221;center&#8221; css_animation=&#8221;fadeInUpBig&#8221; link=&#8221;url:%23contato&#8221;][\/vc_column][vc_column width=&#8221;1\/3&#8243; css=&#8221;.vc_custom_1710171800735{padding-top: 20px !important;padding-bottom: 20px !important;}&#8221;][vc_column_text]<\/p>\n<h3 style=\"text-align: center;\"><span style=\"color: #f7be60;\"><strong>Portaria<br \/>\nAutogerenciada<\/strong><\/span><\/h3>\n<p>[\/vc_column_text][vc_separator color=&#8221;white&#8221; style=&#8221;shadow&#8221; el_width=&#8221;30&#8243; css_animation=&#8221;bounceInUp&#8221; css=&#8221;.vc_custom_1628939596112{margin-top: -35px !important;}&#8221;][vc_single_image image=&#8221;1955&#8243; img_size=&#8221;full&#8221; alignment=&#8221;center&#8221; style=&#8221;vc_box_shadow_3d&#8221; css_animation=&#8221;flipInY&#8221;][vc_column_text css=&#8221;.vc_custom_1710172258671{margin-top: -20px !important;}&#8221;]<\/p>\n<div style=\"text-align: center;\"><span style=\"color: #f7be60;\"><strong>Uma solu\u00e7\u00e3o inovadora que combina controle de acessos, aplicativo exclusivo e uma gest\u00e3o eficiente em um \u00fanico sistema integrado. Ela utiliza tecnologia de ponta para garantir a seguran\u00e7a e proporcionar praticidade no dia a dia do seu condom\u00ednio.<\/strong><\/span><\/div>\n<p>[\/vc_column_text][vc_btn title=&#8221;Fale Conosco&#8221; color=&#8221;mulled-wine&#8221; align=&#8221;center&#8221; css_animation=&#8221;fadeInUpBig&#8221; link=&#8221;url:%23contato&#8221;][\/vc_column][vc_column width=&#8221;1\/3&#8243; css=&#8221;.vc_custom_1710172155358{padding-top: 20px !important;padding-bottom: 20px !important;}&#8221;][vc_column_text]<\/p>\n<h3 style=\"text-align: center;\"><span style=\"color: #f7be60;\"><strong>Administre pelo<br \/>\nAPP<\/strong><\/span><\/h3>\n<p>[\/vc_column_text][vc_separator color=&#8221;white&#8221; style=&#8221;shadow&#8221; el_width=&#8221;30&#8243; css_animation=&#8221;bounceInUp&#8221; css=&#8221;.vc_custom_1628939596112{margin-top: -35px !important;}&#8221;][vc_single_image image=&#8221;1958&#8243; img_size=&#8221;full&#8221; alignment=&#8221;center&#8221; style=&#8221;vc_box_shadow_3d&#8221; css_animation=&#8221;flipInY&#8221;][vc_column_text css=&#8221;.vc_custom_1710172030902{margin-top: -20px !important;}&#8221;]<\/p>\n<div style=\"text-align: center;\"><span style=\"color: #f7be60;\"><strong>Obtenha controle de acesso permitindo que apenas pessoas autorizadas tenham entrada no condom\u00ednio. Com o nosso aplicativo intuitivo, voc\u00ea pode gerenciar acessos, monitorar c\u00e2meras de seguran\u00e7a e receber notifica\u00e7\u00f5es em tempo real.<\/strong><\/span><\/div>\n<p>[\/vc_column_text][vc_btn title=&#8221;Saiba Mais!&#8221; color=&#8221;mulled-wine&#8221; align=&#8221;center&#8221; css_animation=&#8221;fadeInUpBig&#8221; link=&#8221;url:https%3A%2F%2Fhbdesign.net.br%2Fegito%2FPortaria.pdf|target:_blank&#8221;][\/vc_column][\/vc_row][vc_row full_width=&#8221;stretch_row&#8221; show_bump=&#8221;true&#8221; css=&#8221;.vc_custom_1628779124346{padding-top: 80px !important;padding-bottom: 80px !important;background-image: url(http:\/\/grupoegito.com.br\/wp-content\/uploads\/2021\/08\/12.jpg?id=1910) !important;background-position: center !important;background-repeat: no-repeat !important;background-size: cover !important;}&#8221; el_id=&#8221;contato&#8221;][vc_column][vc_custom_heading text=&#8221;Solicite um Or\u00e7amento&#8221; font_container=&#8221;tag:h3|text_align:center|color:%23ffffff&#8221; use_theme_fonts=&#8221;yes&#8221; sep_aligment=&#8221;center&#8221; icon_hc=&#8221;hc-icon-tea-2&#8243; icon_size=&#8221;29px&#8221; css=&#8221;.vc_custom_1628773899346{margin-bottom: 14px !important;}&#8221; link=&#8221;||&#8221; icon_color=&#8221;#ffffff&#8221; sep_spacing_bot=&#8221;3px&#8221;][vc_column_text]<\/p>\n<div style=\"text-align: center;\"><span style=\"color: #ffffff;\"><strong><span style=\"font-family: Verdana;\">(11) 4178-0591 | contato@grupoegito.com.br<\/span><\/strong><\/span><\/div>\n<p>[\/vc_column_text][stm_contact_form7 form_id=&#8221;168&#8243; css=&#8221;.vc_custom_1628773879521{padding-top: 40px !important;padding-right: 30px !important;padding-bottom: 40px !important;padding-left: 30px !important;background-color: rgba(255,255,255,0.49) !important;*background-color: rgb(255,255,255) !important;}&#8221; container_border_radius=&#8221;9px;9px;0;0&#8243;][\/vc_column][\/vc_row]<\/p>\n","protected":false},"excerpt":{"rendered":"<p>[vc_row css=&#8221;.vc_custom_1439999000631{margin-bottom: 0px !important;}&#8221;][vc_column][rev_slider_vc alias=&#8221;home-slider-1-1-1&#8243;][\/vc_column][\/vc_row][vc_row full_width=&#8221;stretch_row&#8221; css=&#8221;.vc_custom_1628779102995{margin-bottom: 0px !important;padding-top: 120px !important;padding-bottom: 120px !important;background-image: url(http:\/\/grupoegito.com.br\/wp-content\/uploads\/2021\/08\/banner1home1.jpg?id=1890) !important;background-position:&#8230;<\/p>\n","protected":false},"author":1,"featured_media":0,"parent":0,"menu_order":0,"comment_status":"closed","ping_status":"closed","template":"","meta":{"footnotes":""},"_links":{"self":[{"href":"https:\/\/grupoegito.com.br\/index.php\/wp-json\/wp\/v2\/pages\/1252"}],"collection":[{"href":"https:\/\/grupoegito.com.br\/index.php\/wp-json\/wp\/v2\/pages"}],"about":[{"href":"https:\/\/grupoegito.com.br\/index.php\/wp-json\/wp\/v2\/types\/page"}],"author":[{"embeddable":true,"href":"https:\/\/grupoegito.com.br\/index.php\/wp-json\/wp\/v2\/users\/1"}],"replies":[{"embeddable":true,"href":"https:\/\/grupoegito.com.br\/index.php\/wp-json\/wp\/v2\/comments?post=1252"}],"version-history":[{"count":19,"href":"https:\/\/grupoegito.com.br\/index.php\/wp-json\/wp\/v2\/pages\/1252\/revisions"}],"predecessor-version":[{"id":1962,"href":"https:\/\/grupoegito.com.br\/index.php\/wp-json\/wp\/v2\/pages\/1252\/revisions\/1962"}],"wp:attachment":[{"href":"https:\/\/grupoegito.com.br\/index.php\/wp-json\/wp\/v2\/media?parent=1252"}],"curies":[{"name":"wp","href":"https:\/\/api.w.org\/{rel}","templated":true}]}}